{"id":651,"date":"2024-09-16T15:08:54","date_gmt":"2024-09-16T15:08:54","guid":{"rendered":"https:\/\/nirgiservis.ee\/contact\/"},"modified":"2025-01-27T11:17:15","modified_gmt":"2025-01-27T11:17:15","slug":"contact","status":"publish","type":"page","link":"https:\/\/nirgiservis.ee\/en\/contact\/","title":{"rendered":"Contact"},"content":{"rendered":"\t\t<div data-elementor-type=\"wp-page\" data-elementor-id=\"651\" class=\"elementor elementor-651 elementor-85\">\n\t\t\t\t\t\t<section class=\"elementor-section elementor-top-section elementor-element elementor-element-b7583e3 elementor-section-height-min-height elementor-section-content-middle elementor-section-boxed elementor-section-height-default elementor-section-items-middle wpr-particle-no wpr-jarallax-no wpr-parallax-no wpr-sticky-section-no wpr-equal-height-no\" data-id=\"b7583e3\" data-element_type=\"section\" data-e-type=\"section\" data-settings=\"{&quot;background_background&quot;:&quot;classic&quot;}\">\n\t\t\t\t\t\t\t<div class=\"elementor-background-overlay\"><\/div>\n\t\t\t\t\t\t\t<div class=\"elementor-container elementor-column-gap-default\">\n\t\t\t\t\t<div class=\"elementor-column elementor-col-100 elementor-top-column elementor-element elementor-element-9938c84\" data-id=\"9938c84\" data-element_type=\"column\" data-e-type=\"column\">\n\t\t\t<div class=\"elementor-widget-wrap elementor-element-populated\">\n\t\t\t\t\t\t<div class=\"elementor-element elementor-element-14094a7 elementor-invisible elementor-widget elementor-widget-heading\" data-id=\"14094a7\" data-element_type=\"widget\" data-e-type=\"widget\" data-settings=\"{&quot;_animation&quot;:&quot;fadeIn&quot;}\" data-widget_type=\"heading.default\">\n\t\t\t\t<div class=\"elementor-widget-container\">\n\t\t\t\t\t<h1 class=\"elementor-heading-title elementor-size-default\">CONTACT<\/h1>\t\t\t\t<\/div>\n\t\t\t\t<\/div>\n\t\t\t\t\t<\/div>\n\t\t<\/div>\n\t\t\t\t\t<\/div>\n\t\t<\/section>\n\t\t\t\t<section class=\"elementor-section elementor-top-section elementor-element elementor-element-249e17b elementor-section-boxed elementor-section-height-default elementor-section-height-default wpr-particle-no wpr-jarallax-no wpr-parallax-no wpr-sticky-section-no wpr-equal-height-no\" data-id=\"249e17b\" data-element_type=\"section\" data-e-type=\"section\">\n\t\t\t\t\t\t\t<div class=\"elementor-background-overlay\"><\/div>\n\t\t\t\t\t\t\t<div class=\"elementor-container elementor-column-gap-default\">\n\t\t\t\t\t<div class=\"elementor-column elementor-col-50 elementor-top-column elementor-element elementor-element-ccc30a6\" data-id=\"ccc30a6\" data-element_type=\"column\" data-e-type=\"column\">\n\t\t\t<div class=\"elementor-widget-wrap elementor-element-populated\">\n\t\t\t\t\t\t<div class=\"elementor-element elementor-element-3d5cee2 elementor-widget elementor-widget-text-editor\" data-id=\"3d5cee2\" data-element_type=\"widget\" data-e-type=\"widget\" data-widget_type=\"text-editor.default\">\n\t\t\t\t<div class=\"elementor-widget-container\">\n\t\t\t\t\t\t\t\t\t<p>Contact us even if you have a small question.<\/p>\n\t\t\t\t\t\t\t\t<\/div>\n\t\t\t\t<\/div>\n\t\t\t\t<section class=\"elementor-section elementor-inner-section elementor-element elementor-element-84286eb elementor-section-boxed elementor-section-height-default elementor-section-height-default wpr-particle-no wpr-jarallax-no wpr-parallax-no wpr-sticky-section-no wpr-equal-height-no\" data-id=\"84286eb\" data-element_type=\"section\" data-e-type=\"section\">\n\t\t\t\t\t\t<div class=\"elementor-container elementor-column-gap-default\">\n\t\t\t\t\t<div class=\"elementor-column elementor-col-50 elementor-inner-column elementor-element elementor-element-cedde67\" data-id=\"cedde67\" data-element_type=\"column\" data-e-type=\"column\">\n\t\t\t<div class=\"elementor-widget-wrap elementor-element-populated\">\n\t\t\t\t\t\t<div class=\"elementor-element elementor-element-307cee3 elementor-widget elementor-widget-image\" data-id=\"307cee3\" data-element_type=\"widget\" data-e-type=\"widget\" data-widget_type=\"image.default\">\n\t\t\t\t<div class=\"elementor-widget-container\">\n\t\t\t\t\t\t\t\t\t\t\t\t\t\t\t<img fetchpriority=\"high\" decoding=\"async\" width=\"678\" height=\"461\" src=\"https:\/\/nirgiservis.ee\/wp-content\/uploads\/2024\/09\/nirgiservis_logo.png\" class=\"attachment-large size-large wp-image-434\" alt=\"\" srcset=\"https:\/\/nirgiservis.ee\/wp-content\/uploads\/2024\/09\/nirgiservis_logo.png 678w, https:\/\/nirgiservis.ee\/wp-content\/uploads\/2024\/09\/nirgiservis_logo-300x204.png 300w\" sizes=\"(max-width: 678px) 100vw, 678px\" \/>\t\t\t\t\t\t\t\t\t\t\t\t\t\t\t<\/div>\n\t\t\t\t<\/div>\n\t\t\t\t<div class=\"elementor-element elementor-element-53875ed elementor-widget elementor-widget-text-editor\" data-id=\"53875ed\" data-element_type=\"widget\" data-e-type=\"widget\" data-widget_type=\"text-editor.default\">\n\t\t\t\t<div class=\"elementor-widget-container\">\n\t\t\t\t\t\t\t\t\t<p><strong>Nirgi Servis O\u00dc<\/strong><\/p>\n<p><a href=\"https:\/\/maps.app.goo.gl\/fycmV62sCZNqE1c17\" target=\"_blank\" rel=\"noopener\">P\u00e4rna 2A, 30321<\/a><br \/><a href=\"_wp_link_placeholder\">Kohtla-J\u00e4rve Ida-Virumaa<\/a><\/p>\n<p><a href=\"tel:+372%2053%2040%2077%2032\">+372 53 40 77 32<\/a> (Estonian),<br \/> +<a href=\"tel:+%20372%203344012\"> 372 3344012<\/a> (Russian),<br \/><a href=\"tel:+372%2052%2020%20562\">+372 52 20 562<\/a> (English)<\/p>\n<p>E-mail: <a href=\"mailto:info@nirgiservis.ee\">info@nirgiservis.ee<\/a><\/p>\n\t\t\t\t\t\t\t\t<\/div>\n\t\t\t\t<\/div>\n\t\t\t\t\t<\/div>\n\t\t<\/div>\n\t\t\t\t<div class=\"elementor-column elementor-col-50 elementor-inner-column elementor-element elementor-element-d8e9bba\" data-id=\"d8e9bba\" data-element_type=\"column\" data-e-type=\"column\">\n\t\t\t<div class=\"elementor-widget-wrap elementor-element-populated\">\n\t\t\t\t\t\t<div class=\"elementor-element elementor-element-07caf66 elementor-widget elementor-widget-image\" data-id=\"07caf66\" data-element_type=\"widget\" data-e-type=\"widget\" data-widget_type=\"image.default\">\n\t\t\t\t<div class=\"elementor-widget-container\">\n\t\t\t\t\t\t\t\t\t\t\t\t\t\t\t<img decoding=\"async\" width=\"800\" height=\"426\" src=\"https:\/\/nirgiservis.ee\/wp-content\/uploads\/2024\/10\/samet_logo-1024x545.png\" class=\"attachment-large size-large wp-image-501\" alt=\"\" srcset=\"https:\/\/nirgiservis.ee\/wp-content\/uploads\/2024\/10\/samet_logo-1024x545.png 1024w, https:\/\/nirgiservis.ee\/wp-content\/uploads\/2024\/10\/samet_logo-300x160.png 300w, https:\/\/nirgiservis.ee\/wp-content\/uploads\/2024\/10\/samet_logo-768x409.png 768w, https:\/\/nirgiservis.ee\/wp-content\/uploads\/2024\/10\/samet_logo.png 1062w\" sizes=\"(max-width: 800px) 100vw, 800px\" \/>\t\t\t\t\t\t\t\t\t\t\t\t\t\t\t<\/div>\n\t\t\t\t<\/div>\n\t\t\t\t<div class=\"elementor-element elementor-element-b78b942 elementor-widget elementor-widget-text-editor\" data-id=\"b78b942\" data-element_type=\"widget\" data-e-type=\"widget\" data-widget_type=\"text-editor.default\">\n\t\t\t\t<div class=\"elementor-widget-container\">\n\t\t\t\t\t\t\t\t\t<p><strong>Samet<\/strong><\/p>\n<p><a href=\"https:\/\/maps.app.goo.gl\/QjgtR3aRg2vJAgeB7\" target=\"_blank\" rel=\"noopener\">J\u00e4rvek\u00fcla tee 58, Kohtla-J\u00e4rve, Finland<\/a><\/p>\n<p>Tel <a href=\"tel:+372%2033%20555%2093\">+372 33 555 93<\/a><\/p>\n<p>MON-FRI 10-18<br \/>MON-FRI &#8211; CLOSED<\/p>\n\t\t\t\t\t\t\t\t<\/div>\n\t\t\t\t<\/div>\n\t\t\t\t\t<\/div>\n\t\t<\/div>\n\t\t\t\t\t<\/div>\n\t\t<\/section>\n\t\t\t\t\t<\/div>\n\t\t<\/div>\n\t\t\t\t<div class=\"elementor-column elementor-col-50 elementor-top-column elementor-element elementor-element-0e578b6\" data-id=\"0e578b6\" data-element_type=\"column\" data-e-type=\"column\">\n\t\t\t<div class=\"elementor-widget-wrap elementor-element-populated\">\n\t\t\t\t\t\t<div class=\"elementor-element elementor-element-3932983 elementor-widget__width-inherit premium-cf7-button-align-left elementor-widget elementor-widget-premium-contact-form\" data-id=\"3932983\" data-element_type=\"widget\" data-e-type=\"widget\" data-widget_type=\"premium-contact-form.default\">\n\t\t\t\t<div class=\"elementor-widget-container\">\n\t\t\t\t\t\n\t\t\t\n\t\t\t<div class=\"premium-cf7-container\" data-settings=\"{&quot;fields_glass&quot;:&quot;none&quot;,&quot;submit_glass&quot;:&quot;none&quot;}\">\n\t\t\t\t\n<div class=\"wpcf7 no-js\" id=\"wpcf7-f657-o1\" lang=\"en-US\" dir=\"ltr\" data-wpcf7-id=\"657\">\n<div class=\"screen-reader-response\"><p role=\"status\" aria-live=\"polite\" aria-atomic=\"true\"><\/p> <ul><\/ul><\/div>\n<form action=\"\/en\/wp-json\/wp\/v2\/pages\/651#wpcf7-f657-o1\" method=\"post\" class=\"wpcf7-form init\" aria-label=\"Contact form\" novalidate=\"novalidate\" data-status=\"init\">\n<fieldset class=\"hidden-fields-container\"><input type=\"hidden\" name=\"_wpcf7\" value=\"657\" \/><input type=\"hidden\" name=\"_wpcf7_version\" value=\"6.1.5\" \/><input type=\"hidden\" name=\"_wpcf7_locale\" value=\"en_US\" \/><input type=\"hidden\" name=\"_wpcf7_unit_tag\" value=\"wpcf7-f657-o1\" \/><input type=\"hidden\" name=\"_wpcf7_container_post\" value=\"0\" \/><input type=\"hidden\" name=\"_wpcf7_posted_data_hash\" value=\"\" \/><input type=\"hidden\" name=\"_wpcf7_recaptcha_response\" value=\"\" \/>\n<\/fieldset>\n<p><label> Name<br \/>\n<span class=\"wpcf7-form-control-wrap\" data-name=\"your-name\"><input size=\"40\" maxlength=\"400\" class=\"wpcf7-form-control wpcf7-text wpcf7-validates-as-required\" autocomplete=\"name\" aria-required=\"true\" aria-invalid=\"false\" value=\"\" type=\"text\" name=\"your-name\" \/><\/span> <\/label>\n<\/p>\n<p><label> E-mail<br \/>\n<span class=\"wpcf7-form-control-wrap\" data-name=\"your-email\"><input size=\"40\" maxlength=\"400\" class=\"wpcf7-form-control wpcf7-email wpcf7-validates-as-required wpcf7-text wpcf7-validates-as-email\" autocomplete=\"email\" aria-required=\"true\" aria-invalid=\"false\" value=\"\" type=\"email\" name=\"your-email\" \/><\/span> <\/label>\n<\/p>\n<p><label> Subject<br \/>\n<span class=\"wpcf7-form-control-wrap\" data-name=\"your-subject\"><input size=\"40\" maxlength=\"400\" class=\"wpcf7-form-control wpcf7-text\" aria-invalid=\"false\" value=\"\" type=\"text\" name=\"your-subject\" \/><\/span> <\/label>\n<\/p>\n<p><label> Message<br \/>\n<span class=\"wpcf7-form-control-wrap\" data-name=\"your-message\"><textarea cols=\"40\" rows=\"10\" maxlength=\"2000\" class=\"wpcf7-form-control wpcf7-textarea\" aria-invalid=\"false\" name=\"your-message\"><\/textarea><\/span> <\/label>\n<\/p>\n<p><input class=\"wpcf7-form-control wpcf7-submit has-spinner\" type=\"submit\" value=\"Send\" \/>\n<\/p><div class=\"wpcf7-response-output\" aria-hidden=\"true\"><\/div>\n<\/form>\n<\/div>\n\t\t\t<\/div>\n\n\t\t\t\t\t\t\t<\/div>\n\t\t\t\t<\/div>\n\t\t\t\t\t<\/div>\n\t\t<\/div>\n\t\t\t\t\t<\/div>\n\t\t<\/section>\n\t\t\t\t<section class=\"elementor-section elementor-top-section elementor-element elementor-element-8fb1794 elementor-section-full_width elementor-section-height-default elementor-section-height-default wpr-particle-no wpr-jarallax-no wpr-parallax-no wpr-sticky-section-no wpr-equal-height-no\" data-id=\"8fb1794\" data-element_type=\"section\" data-e-type=\"section\">\n\t\t\t\t\t\t<div class=\"elementor-container elementor-column-gap-default\">\n\t\t\t\t\t<div class=\"elementor-column elementor-col-100 elementor-top-column elementor-element elementor-element-1b1fef8\" data-id=\"1b1fef8\" data-element_type=\"column\" data-e-type=\"column\">\n\t\t\t<div class=\"elementor-widget-wrap elementor-element-populated\">\n\t\t\t\t\t\t<div class=\"elementor-element elementor-element-5cfa7d7 elementor-widget elementor-widget-google_maps\" data-id=\"5cfa7d7\" data-element_type=\"widget\" data-e-type=\"widget\" data-widget_type=\"google_maps.default\">\n\t\t\t\t<div class=\"elementor-widget-container\">\n\t\t\t\t\t\t\t<div class=\"elementor-custom-embed\">\n\t\t\t<iframe loading=\"lazy\"\n\t\t\t\t\tsrc=\"https:\/\/maps.google.com\/maps?q=Nirgi%20Servis%20O%C3%9C&#038;t=m&#038;z=17&#038;output=embed&#038;iwloc=near\"\n\t\t\t\t\ttitle=\"Nirgi Servis O\u00dc\"\n\t\t\t\t\taria-label=\"Nirgi Servis O\u00dc\"\n\t\t\t><\/iframe>\n\t\t<\/div>\n\t\t\t\t\t\t<\/div>\n\t\t\t\t<\/div>\n\t\t\t\t\t<\/div>\n\t\t<\/div>\n\t\t\t\t\t<\/div>\n\t\t<\/section>\n\t\t\t\t<\/div>\n\t\t","protected":false},"excerpt":{"rendered":"<p>CONTACT Contact us even if you have a small question. Nirgi Servis O\u00dc P\u00e4rna 2A, 30321Kohtla-J\u00e4rve Ida-Virumaa +372 53 40 77 32 (Estonian), + 372 3344012 (Russian),+372 52 20 562 (English) E-mail: info@nirgiservis.ee Samet J\u00e4rvek\u00fcla tee 58, Kohtla-J\u00e4rve, Finland Tel +372 33 555 93 MON-FRI 10-18MON-FRI &#8211; CLOSED Nimi E-post Teema Teade<\/p>\n","protected":false},"author":1,"featured_media":0,"parent":0,"menu_order":0,"comment_status":"closed","ping_status":"closed","template":"","meta":{"footnotes":""},"class_list":["post-651","page","type-page","status-publish","hentry"],"yoast_head":"<!-- This site is optimized with the Yoast SEO plugin v27.3 - https:\/\/yoast.com\/product\/yoast-seo-wordpress\/ -->\n<title>Contact - Nirgi Servis<\/title>\n<meta name=\"robots\" content=\"index, follow, max-snippet:-1, max-image-preview:large, max-video-preview:-1\" \/>\n<link rel=\"canonical\" href=\"https:\/\/nirgiservis.ee\/en\/contact\/\" \/>\n<meta property=\"og:locale\" content=\"en_US\" \/>\n<meta property=\"og:type\" content=\"article\" \/>\n<meta property=\"og:title\" content=\"Contact - Nirgi Servis\" \/>\n<meta property=\"og:description\" content=\"CONTACT Contact us even if you have a small question. Nirgi Servis O\u00dc P\u00e4rna 2A, 30321Kohtla-J\u00e4rve Ida-Virumaa +372 53 40 77 32 (Estonian), + 372 3344012 (Russian),+372 52 20 562 (English) E-mail: info@nirgiservis.ee Samet J\u00e4rvek\u00fcla tee 58, Kohtla-J\u00e4rve, Finland Tel +372 33 555 93 MON-FRI 10-18MON-FRI &#8211; CLOSED Nimi E-post Teema Teade\" \/>\n<meta property=\"og:url\" content=\"https:\/\/nirgiservis.ee\/en\/contact\/\" \/>\n<meta property=\"og:site_name\" content=\"Nirgi Servis\" \/>\n<meta property=\"article:modified_time\" content=\"2025-01-27T11:17:15+00:00\" \/>\n<meta property=\"og:image\" content=\"https:\/\/nirgiservis.ee\/wp-content\/uploads\/2024\/09\/nirgiservis_logo.png\" \/>\n<meta name=\"twitter:card\" content=\"summary_large_image\" \/>\n<script type=\"application\/ld+json\" class=\"yoast-schema-graph\">{\"@context\":\"https:\\\/\\\/schema.org\",\"@graph\":[{\"@type\":\"WebPage\",\"@id\":\"https:\\\/\\\/nirgiservis.ee\\\/en\\\/contact\\\/\",\"url\":\"https:\\\/\\\/nirgiservis.ee\\\/en\\\/contact\\\/\",\"name\":\"Contact - Nirgi Servis\",\"isPartOf\":{\"@id\":\"https:\\\/\\\/nirgiservis.ee\\\/en\\\/#website\"},\"primaryImageOfPage\":{\"@id\":\"https:\\\/\\\/nirgiservis.ee\\\/en\\\/contact\\\/#primaryimage\"},\"image\":{\"@id\":\"https:\\\/\\\/nirgiservis.ee\\\/en\\\/contact\\\/#primaryimage\"},\"thumbnailUrl\":\"https:\\\/\\\/nirgiservis.ee\\\/wp-content\\\/uploads\\\/2024\\\/09\\\/nirgiservis_logo.png\",\"datePublished\":\"2024-09-16T15:08:54+00:00\",\"dateModified\":\"2025-01-27T11:17:15+00:00\",\"breadcrumb\":{\"@id\":\"https:\\\/\\\/nirgiservis.ee\\\/en\\\/contact\\\/#breadcrumb\"},\"inLanguage\":\"en-US\",\"potentialAction\":[{\"@type\":\"ReadAction\",\"target\":[\"https:\\\/\\\/nirgiservis.ee\\\/en\\\/contact\\\/\"]}]},{\"@type\":\"ImageObject\",\"inLanguage\":\"en-US\",\"@id\":\"https:\\\/\\\/nirgiservis.ee\\\/en\\\/contact\\\/#primaryimage\",\"url\":\"https:\\\/\\\/nirgiservis.ee\\\/wp-content\\\/uploads\\\/2024\\\/09\\\/nirgiservis_logo.png\",\"contentUrl\":\"https:\\\/\\\/nirgiservis.ee\\\/wp-content\\\/uploads\\\/2024\\\/09\\\/nirgiservis_logo.png\"},{\"@type\":\"BreadcrumbList\",\"@id\":\"https:\\\/\\\/nirgiservis.ee\\\/en\\\/contact\\\/#breadcrumb\",\"itemListElement\":[{\"@type\":\"ListItem\",\"position\":1,\"name\":\"\u0413\u043b\u0430\u0432\u043d\u0430\u044f \u0441\u0442\u0440\u0430\u043d\u0438\u0446\u0430\",\"item\":\"https:\\\/\\\/nirgiservis.ee\\\/en\\\/\"},{\"@type\":\"ListItem\",\"position\":2,\"name\":\"Contact\"}]},{\"@type\":\"WebSite\",\"@id\":\"https:\\\/\\\/nirgiservis.ee\\\/en\\\/#website\",\"url\":\"https:\\\/\\\/nirgiservis.ee\\\/en\\\/\",\"name\":\"Nirgi Servis\",\"description\":\"Kvaliteetne &otilde;mblusteenus ja innovatiivsed lahendused\",\"publisher\":{\"@id\":\"https:\\\/\\\/nirgiservis.ee\\\/en\\\/#organization\"},\"potentialAction\":[{\"@type\":\"SearchAction\",\"target\":{\"@type\":\"EntryPoint\",\"urlTemplate\":\"https:\\\/\\\/nirgiservis.ee\\\/en\\\/?s={search_term_string}\"},\"query-input\":{\"@type\":\"PropertyValueSpecification\",\"valueRequired\":true,\"valueName\":\"search_term_string\"}}],\"inLanguage\":\"en-US\"},{\"@type\":\"Organization\",\"@id\":\"https:\\\/\\\/nirgiservis.ee\\\/en\\\/#organization\",\"name\":\"Kvaliteetne \u00f5mblusteenus ja innovatiivsed lahendused\",\"url\":\"https:\\\/\\\/nirgiservis.ee\\\/en\\\/\",\"logo\":{\"@type\":\"ImageObject\",\"inLanguage\":\"en-US\",\"@id\":\"https:\\\/\\\/nirgiservis.ee\\\/en\\\/#\\\/schema\\\/logo\\\/image\\\/\",\"url\":\"https:\\\/\\\/dev.nirgiservis.eu\\\/wp-content\\\/uploads\\\/2024\\\/09\\\/nirgiservis_logo.png\",\"contentUrl\":\"https:\\\/\\\/dev.nirgiservis.eu\\\/wp-content\\\/uploads\\\/2024\\\/09\\\/nirgiservis_logo.png\",\"width\":678,\"height\":461,\"caption\":\"Kvaliteetne \u00f5mblusteenus ja innovatiivsed lahendused\"},\"image\":{\"@id\":\"https:\\\/\\\/nirgiservis.ee\\\/en\\\/#\\\/schema\\\/logo\\\/image\\\/\"}}]}<\/script>\n<!-- \/ Yoast SEO plugin. -->","yoast_head_json":{"title":"Contact - Nirgi Servis","robots":{"index":"index","follow":"follow","max-snippet":"max-snippet:-1","max-image-preview":"max-image-preview:large","max-video-preview":"max-video-preview:-1"},"canonical":"https:\/\/nirgiservis.ee\/en\/contact\/","og_locale":"en_US","og_type":"article","og_title":"Contact - Nirgi Servis","og_description":"CONTACT Contact us even if you have a small question. Nirgi Servis O\u00dc P\u00e4rna 2A, 30321Kohtla-J\u00e4rve Ida-Virumaa +372 53 40 77 32 (Estonian), + 372 3344012 (Russian),+372 52 20 562 (English) E-mail: info@nirgiservis.ee Samet J\u00e4rvek\u00fcla tee 58, Kohtla-J\u00e4rve, Finland Tel +372 33 555 93 MON-FRI 10-18MON-FRI &#8211; CLOSED Nimi E-post Teema Teade","og_url":"https:\/\/nirgiservis.ee\/en\/contact\/","og_site_name":"Nirgi Servis","article_modified_time":"2025-01-27T11:17:15+00:00","og_image":[{"url":"https:\/\/nirgiservis.ee\/wp-content\/uploads\/2024\/09\/nirgiservis_logo.png","type":"","width":"","height":""}],"twitter_card":"summary_large_image","schema":{"@context":"https:\/\/schema.org","@graph":[{"@type":"WebPage","@id":"https:\/\/nirgiservis.ee\/en\/contact\/","url":"https:\/\/nirgiservis.ee\/en\/contact\/","name":"Contact - Nirgi Servis","isPartOf":{"@id":"https:\/\/nirgiservis.ee\/en\/#website"},"primaryImageOfPage":{"@id":"https:\/\/nirgiservis.ee\/en\/contact\/#primaryimage"},"image":{"@id":"https:\/\/nirgiservis.ee\/en\/contact\/#primaryimage"},"thumbnailUrl":"https:\/\/nirgiservis.ee\/wp-content\/uploads\/2024\/09\/nirgiservis_logo.png","datePublished":"2024-09-16T15:08:54+00:00","dateModified":"2025-01-27T11:17:15+00:00","breadcrumb":{"@id":"https:\/\/nirgiservis.ee\/en\/contact\/#breadcrumb"},"inLanguage":"en-US","potentialAction":[{"@type":"ReadAction","target":["https:\/\/nirgiservis.ee\/en\/contact\/"]}]},{"@type":"ImageObject","inLanguage":"en-US","@id":"https:\/\/nirgiservis.ee\/en\/contact\/#primaryimage","url":"https:\/\/nirgiservis.ee\/wp-content\/uploads\/2024\/09\/nirgiservis_logo.png","contentUrl":"https:\/\/nirgiservis.ee\/wp-content\/uploads\/2024\/09\/nirgiservis_logo.png"},{"@type":"BreadcrumbList","@id":"https:\/\/nirgiservis.ee\/en\/contact\/#breadcrumb","itemListElement":[{"@type":"ListItem","position":1,"name":"\u0413\u043b\u0430\u0432\u043d\u0430\u044f \u0441\u0442\u0440\u0430\u043d\u0438\u0446\u0430","item":"https:\/\/nirgiservis.ee\/en\/"},{"@type":"ListItem","position":2,"name":"Contact"}]},{"@type":"WebSite","@id":"https:\/\/nirgiservis.ee\/en\/#website","url":"https:\/\/nirgiservis.ee\/en\/","name":"Nirgi Servis","description":"Kvaliteetne &otilde;mblusteenus ja innovatiivsed lahendused","publisher":{"@id":"https:\/\/nirgiservis.ee\/en\/#organization"},"potentialAction":[{"@type":"SearchAction","target":{"@type":"EntryPoint","urlTemplate":"https:\/\/nirgiservis.ee\/en\/?s={search_term_string}"},"query-input":{"@type":"PropertyValueSpecification","valueRequired":true,"valueName":"search_term_string"}}],"inLanguage":"en-US"},{"@type":"Organization","@id":"https:\/\/nirgiservis.ee\/en\/#organization","name":"Kvaliteetne \u00f5mblusteenus ja innovatiivsed lahendused","url":"https:\/\/nirgiservis.ee\/en\/","logo":{"@type":"ImageObject","inLanguage":"en-US","@id":"https:\/\/nirgiservis.ee\/en\/#\/schema\/logo\/image\/","url":"https:\/\/dev.nirgiservis.eu\/wp-content\/uploads\/2024\/09\/nirgiservis_logo.png","contentUrl":"https:\/\/dev.nirgiservis.eu\/wp-content\/uploads\/2024\/09\/nirgiservis_logo.png","width":678,"height":461,"caption":"Kvaliteetne \u00f5mblusteenus ja innovatiivsed lahendused"},"image":{"@id":"https:\/\/nirgiservis.ee\/en\/#\/schema\/logo\/image\/"}}]}},"_links":{"self":[{"href":"https:\/\/nirgiservis.ee\/en\/wp-json\/wp\/v2\/pages\/651","targetHints":{"allow":["GET"]}}],"collection":[{"href":"https:\/\/nirgiservis.ee\/en\/wp-json\/wp\/v2\/pages"}],"about":[{"href":"https:\/\/nirgiservis.ee\/en\/wp-json\/wp\/v2\/types\/page"}],"author":[{"embeddable":true,"href":"https:\/\/nirgiservis.ee\/en\/wp-json\/wp\/v2\/users\/1"}],"replies":[{"embeddable":true,"href":"https:\/\/nirgiservis.ee\/en\/wp-json\/wp\/v2\/comments?post=651"}],"version-history":[{"count":1,"href":"https:\/\/nirgiservis.ee\/en\/wp-json\/wp\/v2\/pages\/651\/revisions"}],"predecessor-version":[{"id":652,"href":"https:\/\/nirgiservis.ee\/en\/wp-json\/wp\/v2\/pages\/651\/revisions\/652"}],"wp:attachment":[{"href":"https:\/\/nirgiservis.ee\/en\/wp-json\/wp\/v2\/media?parent=651"}],"curies":[{"name":"wp","href":"https:\/\/api.w.org\/{rel}","templated":true}]}}